{"id":3733,"date":"2018-05-10T13:57:15","date_gmt":"2018-05-10T11:57:15","guid":{"rendered":"http:\/\/hssoi.hr\/?page_id=3733"},"modified":"2018-05-10T14:09:58","modified_gmt":"2018-05-10T12:09:58","slug":"gdpr","status":"publish","type":"page","link":"https:\/\/hssoi.hr\/en\/o-savezu__trashed\/gdpr\/","title":{"rendered":"Members"},"content":{"rendered":"<div id=\"pl-3733\"  class=\"panel-layout\" ><div id=\"pg-3733-0\"  class=\"panel-grid panel-no-style\" ><div id=\"pgc-3733-0-0\"  class=\"panel-grid-cell\" ><div id=\"panel-3733-0-0-0\" class=\"so-panel widget widget_black-studio-tinymce widget_black_studio_tinymce panel-first-child panel-last-child\" data-index=\"0\" ><div class=\"textwidget\"><h3><strong>IZJAVA O ZA\u0160TITI I PRIKUPLJANJU<\/strong><br \/>\n<strong>OSOBNIH PODATAKA I NJIHOVOM KORI\u0160TENJU<\/strong><\/h3>\n<p>&nbsp;<\/p>\n<p>Svibanj 9, 2018.<\/p>\n<p>&nbsp;<\/p>\n<p>Za\u0161tita privatnosti opisuje kako\u00a0HSSOI postupa s va\u0161im osobnim podacima koje zaprimi tijekom kori\u0161tenja hssoi.hr web stranice. Pod osobnim podacima smatraju se va\u0161i identifikacijski podaci: ime i prezime, e-mail, telefon, IP-adresa, odnosno podaci koji ina\u010de nisu javno dostupni, a za koje HSSOI sazna tijekom va\u0161eg kori\u0161tenja hssoi.hr web stranice. HSSOI \u0107e va\u0161e osobne podatke \u010duvati u tajnosti te ih ne\u0107e distribuirati, objavljivati, davati tre\u0107im stranama na kori\u0161tenje niti ih na bilo koji drugi na\u010din u\u010diniti dostupnima bilo kojoj tre\u0107oj osobi bez va\u0161e prethodne suglasnosti.<\/p>\n<p>&nbsp;<\/p>\n<p>Svaki posjetitelj ima mogu\u0107nost prijave na newsletter i kontakt putem kontakt forme. Prijava na stranici hssoi.hr potrebna je kako bi se posjetiteljima omogu\u0107ila informacija o svim novostima oko HSSOI-a. Posjetitelji stranice imat \u0107e mogu\u0107nost postavljati pitanja preko kontakt forme i dobivati budu\u0107e informacije o\u00a0novostima\u00a0primaju\u0107i newsletter. Kao posjetitelj stranice hssoi.hr mo\u017eete izabrati da se ne prijavite na newsletter, me\u0111utim u tom slu\u010daju ne\u0107ete biti u mogu\u0107nosti saznati novosti. U slu\u010daju da od HSSOI-a zatra\u017eite poni\u0161tenje svoje prijave na newsletter, HSSOI se obvezuje da \u0107e s web stranice hssoi.hr trajno ukloniti sve va\u0161e osobne podatke koji su uneseni prilikom prijave na newsletter ili kontakta putem kontakt forme u odre\u0111enom roku od 30 dana sukladno GDPR pravilima.<\/p>\n<p>&nbsp;<\/p>\n<p>Svi djelatnici i poslovni partneri odgovorni su za po\u0161tivanje na\u010dela za\u0161tite privatnosti.<\/p>\n<\/div><\/div><\/div><\/div><\/div>","protected":false},"excerpt":{"rendered":"<p>IZJAVA O ZA\u0160TITI I PRIKUPLJANJU OSOBNIH PODATAKA I NJIHOVOM KORI\u0160TENJU &nbsp; Svibanj 9, 2018. &nbsp; Za\u0161tita privatnosti opisuje kako\u00a0HSSOI postupa s va\u0161im osobnim podacima koje zaprimi tijekom kori\u0161tenja hssoi.hr web stranice. Pod osobnim podacima smatraju se va\u0161i identifikacijski podaci: ime i prezime, e-mail, telefon, IP-adresa, odnosno podaci koji ina\u010de nisu javno dostupni, a za koje &hellip;<\/p>\n","protected":false},"author":2,"featured_media":0,"parent":2360,"menu_order":0,"comment_status":"closed","ping_status":"closed","template":"","meta":{"footnotes":""},"class_list":["post-3733","page","type-page","status-publish","hentry"],"yoast_head":"<!-- This site is optimized with the Yoast SEO plugin v26.6 - https:\/\/yoast.com\/wordpress\/plugins\/seo\/ -->\n<title>Members - HPSS<\/title>\n<meta name=\"robots\" content=\"index, follow, max-snippet:-1, max-image-preview:large, max-video-preview:-1\" \/>\n<link rel=\"canonical\" href=\"https:\/\/hssoi.hr\/en\/o-savezu__trashed\/gdpr\/\" \/>\n<meta property=\"og:locale\" content=\"en_US\" \/>\n<meta property=\"og:type\" content=\"article\" \/>\n<meta property=\"og:title\" content=\"[:hr]GDPR[:en]Members[:] - HPSS\" \/>\n<meta property=\"og:description\" content=\"IZJAVA O ZA\u0160TITI I PRIKUPLJANJU OSOBNIH PODATAKA I NJIHOVOM KORI\u0160TENJU &nbsp; Svibanj 9, 2018. &nbsp; Za\u0161tita privatnosti opisuje kako\u00a0HSSOI postupa s va\u0161im osobnim podacima koje zaprimi tijekom kori\u0161tenja hssoi.hr web stranice. Pod osobnim podacima smatraju se va\u0161i identifikacijski podaci: ime i prezime, e-mail, telefon, IP-adresa, odnosno podaci koji ina\u010de nisu javno dostupni, a za koje &hellip;\" \/>\n<meta property=\"og:url\" content=\"https:\/\/hssoi.hr\/en\/o-savezu__trashed\/gdpr\/\" \/>\n<meta property=\"og:site_name\" content=\"HPSS\" \/>\n<meta property=\"article:modified_time\" content=\"2018-05-10T12:09:58+00:00\" \/>\n<meta name=\"twitter:card\" content=\"summary_large_image\" \/>\n<meta name=\"twitter:label1\" content=\"Est. reading time\" \/>\n\t<meta name=\"twitter:data1\" content=\"1 minute\" \/>\n<script type=\"application\/ld+json\" class=\"yoast-schema-graph\">{\"@context\":\"https:\/\/schema.org\",\"@graph\":[{\"@type\":\"WebPage\",\"@id\":\"https:\/\/hssoi.hr\/en\/o-savezu__trashed\/gdpr\/\",\"url\":\"https:\/\/hssoi.hr\/en\/o-savezu__trashed\/gdpr\/\",\"name\":\"[:hr]GDPR[:en]Members[:] - HPSS\",\"isPartOf\":{\"@id\":\"https:\/\/hssoi.hr\/#website\"},\"datePublished\":\"2018-05-10T11:57:15+00:00\",\"dateModified\":\"2018-05-10T12:09:58+00:00\",\"breadcrumb\":{\"@id\":\"https:\/\/hssoi.hr\/en\/o-savezu__trashed\/gdpr\/#breadcrumb\"},\"inLanguage\":\"en-US\",\"potentialAction\":[{\"@type\":\"ReadAction\",\"target\":[\"https:\/\/hssoi.hr\/en\/o-savezu__trashed\/gdpr\/\"]}]},{\"@type\":\"BreadcrumbList\",\"@id\":\"https:\/\/hssoi.hr\/en\/o-savezu__trashed\/gdpr\/#breadcrumb\",\"itemListElement\":[{\"@type\":\"ListItem\",\"position\":1,\"name\":\"Po\u010detna stranica\",\"item\":\"https:\/\/hssoi.hr\/\"},{\"@type\":\"ListItem\",\"position\":2,\"name\":\"About Association\",\"item\":\"https:\/\/hssoi.hr\/en\/?page_id=2360\"},{\"@type\":\"ListItem\",\"position\":3,\"name\":\"Members\"}]},{\"@type\":\"WebSite\",\"@id\":\"https:\/\/hssoi.hr\/#website\",\"url\":\"https:\/\/hssoi.hr\/\",\"name\":\"HSSOI\",\"description\":\"Croatian Para-Ski Federation\",\"potentialAction\":[{\"@type\":\"SearchAction\",\"target\":{\"@type\":\"EntryPoint\",\"urlTemplate\":\"https:\/\/hssoi.hr\/?s={search_term_string}\"},\"query-input\":{\"@type\":\"PropertyValueSpecification\",\"valueRequired\":true,\"valueName\":\"search_term_string\"}}],\"inLanguage\":\"en-US\"}]}<\/script>\n<!-- \/ Yoast SEO plugin. -->","yoast_head_json":{"title":"[:hr]GDPR[:en]Members[:] - HPSS","robots":{"index":"index","follow":"follow","max-snippet":"max-snippet:-1","max-image-preview":"max-image-preview:large","max-video-preview":"max-video-preview:-1"},"canonical":"https:\/\/hssoi.hr\/en\/o-savezu__trashed\/gdpr\/","og_locale":"en_US","og_type":"article","og_title":"[:hr]GDPR[:en]Members[:] - HPSS","og_description":"IZJAVA O ZA\u0160TITI I PRIKUPLJANJU OSOBNIH PODATAKA I NJIHOVOM KORI\u0160TENJU &nbsp; Svibanj 9, 2018. &nbsp; Za\u0161tita privatnosti opisuje kako\u00a0HSSOI postupa s va\u0161im osobnim podacima koje zaprimi tijekom kori\u0161tenja hssoi.hr web stranice. Pod osobnim podacima smatraju se va\u0161i identifikacijski podaci: ime i prezime, e-mail, telefon, IP-adresa, odnosno podaci koji ina\u010de nisu javno dostupni, a za koje &hellip;","og_url":"https:\/\/hssoi.hr\/en\/o-savezu__trashed\/gdpr\/","og_site_name":"HPSS","article_modified_time":"2018-05-10T12:09:58+00:00","twitter_card":"summary_large_image","twitter_misc":{"Est. reading time":"1 minute"},"schema":{"@context":"https:\/\/schema.org","@graph":[{"@type":"WebPage","@id":"https:\/\/hssoi.hr\/en\/o-savezu__trashed\/gdpr\/","url":"https:\/\/hssoi.hr\/en\/o-savezu__trashed\/gdpr\/","name":"[:hr]GDPR[:en]Members[:] - HPSS","isPartOf":{"@id":"https:\/\/hssoi.hr\/#website"},"datePublished":"2018-05-10T11:57:15+00:00","dateModified":"2018-05-10T12:09:58+00:00","breadcrumb":{"@id":"https:\/\/hssoi.hr\/en\/o-savezu__trashed\/gdpr\/#breadcrumb"},"inLanguage":"en-US","potentialAction":[{"@type":"ReadAction","target":["https:\/\/hssoi.hr\/en\/o-savezu__trashed\/gdpr\/"]}]},{"@type":"BreadcrumbList","@id":"https:\/\/hssoi.hr\/en\/o-savezu__trashed\/gdpr\/#breadcrumb","itemListElement":[{"@type":"ListItem","position":1,"name":"Po\u010detna stranica","item":"https:\/\/hssoi.hr\/"},{"@type":"ListItem","position":2,"name":"About Association","item":"https:\/\/hssoi.hr\/en\/?page_id=2360"},{"@type":"ListItem","position":3,"name":"Members"}]},{"@type":"WebSite","@id":"https:\/\/hssoi.hr\/#website","url":"https:\/\/hssoi.hr\/","name":"HSSOI","description":"Croatian Para-Ski Federation","potentialAction":[{"@type":"SearchAction","target":{"@type":"EntryPoint","urlTemplate":"https:\/\/hssoi.hr\/?s={search_term_string}"},"query-input":{"@type":"PropertyValueSpecification","valueRequired":true,"valueName":"search_term_string"}}],"inLanguage":"en-US"}]}},"_links":{"self":[{"href":"https:\/\/hssoi.hr\/en\/wp-json\/wp\/v2\/pages\/3733","targetHints":{"allow":["GET"]}}],"collection":[{"href":"https:\/\/hssoi.hr\/en\/wp-json\/wp\/v2\/pages"}],"about":[{"href":"https:\/\/hssoi.hr\/en\/wp-json\/wp\/v2\/types\/page"}],"author":[{"embeddable":true,"href":"https:\/\/hssoi.hr\/en\/wp-json\/wp\/v2\/users\/2"}],"replies":[{"embeddable":true,"href":"https:\/\/hssoi.hr\/en\/wp-json\/wp\/v2\/comments?post=3733"}],"version-history":[{"count":14,"href":"https:\/\/hssoi.hr\/en\/wp-json\/wp\/v2\/pages\/3733\/revisions"}],"predecessor-version":[{"id":3747,"href":"https:\/\/hssoi.hr\/en\/wp-json\/wp\/v2\/pages\/3733\/revisions\/3747"}],"up":[{"embeddable":true,"href":"https:\/\/hssoi.hr\/en\/wp-json\/wp\/v2\/pages\/2360"}],"wp:attachment":[{"href":"https:\/\/hssoi.hr\/en\/wp-json\/wp\/v2\/media?parent=3733"}],"curies":[{"name":"wp","href":"https:\/\/api.w.org\/{rel}","templated":true}]}}